{"id":692,"date":"2022-01-18T21:54:17","date_gmt":"2022-01-18T21:54:17","guid":{"rendered":"https:\/\/broddanes.is\/um-okkur\/"},"modified":"2022-04-12T15:10:42","modified_gmt":"2022-04-12T15:10:42","slug":"um-okkur","status":"publish","type":"page","link":"https:\/\/broddanes.is\/is\/um-okkur\/","title":{"rendered":"Um okkur"},"content":{"rendered":"\t\t<div data-elementor-type=\"wp-page\" data-elementor-id=\"692\" class=\"elementor elementor-692 elementor-673\" data-elementor-post-type=\"page\">\n\t\t\t\t\t\t<section class=\"elementor-section elementor-top-section elementor-element elementor-element-fcb19b0 elementor-section-height-min-height elementor-section-boxed elementor-section-height-default elementor-section-items-middle\" data-id=\"fcb19b0\" data-element_type=\"section\" data-e-type=\"section\" data-settings=\"{&quot;background_background&quot;:&quot;classic&quot;}\">\n\t\t\t\t\t\t\t<div class=\"elementor-background-overlay\"><\/div>\n\t\t\t\t\t\t\t<div class=\"elementor-container elementor-column-gap-default\">\n\t\t\t\t\t<div class=\"elementor-column elementor-col-100 elementor-top-column elementor-element elementor-element-33a984d\" data-id=\"33a984d\" data-element_type=\"column\" data-e-type=\"column\">\n\t\t\t<div class=\"elementor-widget-wrap elementor-element-populated\">\n\t\t\t\t\t\t<div class=\"elementor-element elementor-element-a9d5144 de_scroll_animation_no elementor-widget elementor-widget-heading\" data-id=\"a9d5144\" data-element_type=\"widget\" data-e-type=\"widget\" data-widget_type=\"heading.default\">\n\t\t\t\t<div class=\"elementor-widget-container\">\n\t\t\t\t\t<h2 class=\"elementor-heading-title elementor-size-default\">Um okkur<\/h2>\t\t\t\t<\/div>\n\t\t\t\t<\/div>\n\t\t\t\t\t<\/div>\n\t\t<\/div>\n\t\t\t\t\t<\/div>\n\t\t<\/section>\n\t\t\t\t<section class=\"elementor-section elementor-top-section elementor-element elementor-element-7a00b880 elementor-section-content-middle elementor-hidden-mobile elementor-section-boxed elementor-section-height-default elementor-section-height-default\" data-id=\"7a00b880\" data-element_type=\"section\" data-e-type=\"section\">\n\t\t\t\t\t\t<div class=\"elementor-container elementor-column-gap-no\">\n\t\t\t\t\t<div class=\"elementor-column elementor-col-100 elementor-top-column elementor-element elementor-element-1bb919c\" data-id=\"1bb919c\" data-element_type=\"column\" data-e-type=\"column\">\n\t\t\t<div class=\"elementor-widget-wrap elementor-element-populated\">\n\t\t\t\t\t\t<div class=\"elementor-element elementor-element-606ceb02 de_scroll_animation_no elementor-widget elementor-widget-image\" data-id=\"606ceb02\" data-element_type=\"widget\" data-e-type=\"widget\" data-widget_type=\"image.default\">\n\t\t\t\t<div class=\"elementor-widget-container\">\n\t\t\t\t\t\t\t\t\t\t\t\t\t\t\t<img fetchpriority=\"high\" decoding=\"async\" width=\"1920\" height=\"1080\" src=\"https:\/\/broddanes.is\/wp-content\/uploads\/2021\/12\/view-from-our-private.jpg\" class=\"attachment-full size-full wp-image-444\" alt=\"\" srcset=\"https:\/\/broddanes.is\/wp-content\/uploads\/2021\/12\/view-from-our-private.jpg 1920w, https:\/\/broddanes.is\/wp-content\/uploads\/2021\/12\/view-from-our-private-300x169.jpg 300w, https:\/\/broddanes.is\/wp-content\/uploads\/2021\/12\/view-from-our-private-1024x576.jpg 1024w, https:\/\/broddanes.is\/wp-content\/uploads\/2021\/12\/view-from-our-private-768x432.jpg 768w, https:\/\/broddanes.is\/wp-content\/uploads\/2021\/12\/view-from-our-private-1536x864.jpg 1536w\" sizes=\"(max-width: 1920px) 100vw, 1920px\" \/>\t\t\t\t\t\t\t\t\t\t\t\t\t\t\t<\/div>\n\t\t\t\t<\/div>\n\t\t\t\t\t<\/div>\n\t\t<\/div>\n\t\t\t\t\t<\/div>\n\t\t<\/section>\n\t\t\t\t<section class=\"elementor-section elementor-top-section elementor-element elementor-element-bada197 elementor-section-boxed elementor-section-height-default elementor-section-height-default\" data-id=\"bada197\" data-element_type=\"section\" data-e-type=\"section\">\n\t\t\t\t\t\t<div class=\"elementor-container elementor-column-gap-default\">\n\t\t\t\t\t<div class=\"elementor-column elementor-col-33 elementor-top-column elementor-element elementor-element-478673e\" data-id=\"478673e\" data-element_type=\"column\" data-e-type=\"column\">\n\t\t\t<div class=\"elementor-widget-wrap elementor-element-populated\">\n\t\t\t\t\t\t<div class=\"elementor-element elementor-element-fe262a9 elementor-position-top de_scroll_animation_no elementor-widget elementor-widget-image-box\" data-id=\"fe262a9\" data-element_type=\"widget\" data-e-type=\"widget\" data-widget_type=\"image-box.default\">\n\t\t\t\t<div class=\"elementor-widget-container\">\n\t\t\t\t\t<div class=\"elementor-image-box-wrapper\"><figure class=\"elementor-image-box-img\"><img decoding=\"async\" src=\"https:\/\/broddanes.is\/wp-content\/uploads\/elementor\/thumbs\/IMG-5647-scaled-plwjtdimz1heesb4ocq5ojaycwriok88xt9fpt32bs.jpg\" title=\"IMG-5647\" alt=\"IMG-5647\" loading=\"lazy\" \/><\/figure><div class=\"elementor-image-box-content\"><h3 class=\"elementor-image-box-title\">Nafnid<\/h3><p class=\"elementor-image-box-description\">Broddanes dregur nafn sitt af dr\u00f6ngum, Broddunum, sem standa undir Ennish\u00f6f\u00f0a milli Kollafjar\u00f0ar og Birtufjar\u00f0ar. Einnig segir sagan a\u00f0 fyrsti \u00e1b\u00faandi \u00e1 Broddanesi hafi heiti\u00f0 Broddi, \u00e1 hann a\u00f0 hafa veri\u00f0 heig\u00f0ur undir h\u00f6f\u00f0anum n\u00e1l\u00e6gt dr\u00f6ngunum og s\u00e9st dys hans \u00fear enn.<\/p><\/div><\/div>\t\t\t\t<\/div>\n\t\t\t\t<\/div>\n\t\t\t\t\t<\/div>\n\t\t<\/div>\n\t\t\t\t<div class=\"elementor-column elementor-col-33 elementor-top-column elementor-element elementor-element-4aeaa8b\" data-id=\"4aeaa8b\" data-element_type=\"column\" data-e-type=\"column\">\n\t\t\t<div class=\"elementor-widget-wrap elementor-element-populated\">\n\t\t\t\t\t\t<div class=\"elementor-element elementor-element-a3289ed elementor-position-top de_scroll_animation_no elementor-widget elementor-widget-image-box\" data-id=\"a3289ed\" data-element_type=\"widget\" data-e-type=\"widget\" data-widget_type=\"image-box.default\">\n\t\t\t\t<div class=\"elementor-widget-container\">\n\t\t\t\t\t<div class=\"elementor-image-box-wrapper\"><figure class=\"elementor-image-box-img\"><img decoding=\"async\" src=\"https:\/\/broddanes.is\/wp-content\/uploads\/elementor\/thumbs\/IMG-5442-scaled-plwjtdimz1heesb4ocq5ojaycwriok88xt9fpt32bs.jpg\" title=\"IMG-5442\" alt=\"IMG-5442\" loading=\"lazy\" \/><\/figure><div class=\"elementor-image-box-content\"><h3 class=\"elementor-image-box-title\">N\u00e1tt\u00faran<\/h3><p class=\"elementor-image-box-description\"> Kyrr\u00f0 og r\u00f3 einkenna n\u00e1grenni heimilisins og er n\u00e1tt\u00faran \u00e1 sv\u00e6\u00f0inu  mj\u00f6g s\u00e9rst\u00f6k. \u00dear er fj\u00f6lbreytt strandlengja, nes, vogar, eyjar, h\u00f3lmar og sker. <\/p><\/div><\/div>\t\t\t\t<\/div>\n\t\t\t\t<\/div>\n\t\t\t\t\t<\/div>\n\t\t<\/div>\n\t\t\t\t<div class=\"elementor-column elementor-col-33 elementor-top-column elementor-element elementor-element-ffae24f\" data-id=\"ffae24f\" data-element_type=\"column\" data-e-type=\"column\">\n\t\t\t<div class=\"elementor-widget-wrap elementor-element-populated\">\n\t\t\t\t\t\t<div class=\"elementor-element elementor-element-26eb1bb elementor-position-top de_scroll_animation_no elementor-widget elementor-widget-image-box\" data-id=\"26eb1bb\" data-element_type=\"widget\" data-e-type=\"widget\" data-widget_type=\"image-box.default\">\n\t\t\t\t<div class=\"elementor-widget-container\">\n\t\t\t\t\t<div class=\"elementor-image-box-wrapper\"><figure class=\"elementor-image-box-img\"><img decoding=\"async\" src=\"https:\/\/broddanes.is\/wp-content\/uploads\/elementor\/thumbs\/IMG_4311-plwjtdimz1heesb4ocq5ojaycwriok88xt9fpt32bs.jpg\" title=\"IMG_4311\" alt=\"IMG_4311\" loading=\"lazy\" \/><\/figure><div class=\"elementor-image-box-content\"><h3 class=\"elementor-image-box-title\">Gisting<\/h3><p class=\"elementor-image-box-description\">Bo\u00f0i\u00f0 er upp \u00e1 gistingu \u00e1 ne\u00f0ri h\u00e6\u00f0 h\u00fassins og er \u00fear 2ja manna herbergi og tv\u00f6 fj\u00f6lskylduherbergi me\u00f0 kojum 4ra manna og 6 manna. Einnig er h\u00e6gt a\u00f0 leigja alla ne\u00f0ri h\u00e6\u00f0ina. Gott sameiginlegt eldh\u00fas er til afnota fyrir gesti og st\u00f3rt og r\u00famgott bor\u00f0stofu sv\u00e6\u00f0i \u00e1samt setustofu og billjard bor\u00f0i.  Sameiginleg salerni og sturtur eru \u00e1 h\u00e6\u00f0inni.   <\/p><\/div><\/div>\t\t\t\t<\/div>\n\t\t\t\t<\/div>\n\t\t\t\t\t<\/div>\n\t\t<\/div>\n\t\t\t\t\t<\/div>\n\t\t<\/section>\n\t\t\t\t<section class=\"elementor-section elementor-top-section elementor-element elementor-element-b4941d8 elementor-section-boxed elementor-section-height-default elementor-section-height-default\" data-id=\"b4941d8\" data-element_type=\"section\" data-e-type=\"section\">\n\t\t\t\t\t\t<div class=\"elementor-container elementor-column-gap-default\">\n\t\t\t\t\t<div class=\"elementor-column elementor-col-33 elementor-top-column elementor-element elementor-element-a0b5176\" data-id=\"a0b5176\" data-element_type=\"column\" data-e-type=\"column\">\n\t\t\t<div class=\"elementor-widget-wrap elementor-element-populated\">\n\t\t\t\t\t\t<div class=\"elementor-element elementor-element-9de1885 elementor-position-top de_scroll_animation_no elementor-widget elementor-widget-image-box\" data-id=\"9de1885\" data-element_type=\"widget\" data-e-type=\"widget\" data-widget_type=\"image-box.default\">\n\t\t\t\t<div class=\"elementor-widget-container\">\n\t\t\t\t\t<div class=\"elementor-image-box-wrapper\"><figure class=\"elementor-image-box-img\"><img decoding=\"async\" src=\"https:\/\/broddanes.is\/wp-content\/uploads\/elementor\/thumbs\/IMG_3629-scaled-plwjtdimz1heesb4ocq5ojaycwriok88xt9fpt32bs.jpg\" title=\"IMG_3629\" alt=\"IMG_3629\" loading=\"lazy\" \/><\/figure><div class=\"elementor-image-box-content\"><h3 class=\"elementor-image-box-title\">Dyral\u00edf<\/h3><p class=\"elementor-image-box-description\">Broddanes er \u00feekkt hlunnindaj\u00f6r\u00f0 og var sagt a\u00f0 \u00fear v\u00e6ru n\u00e1nast \u00f6ll hlunnindi, a\u00f0 laxvei\u00f0i undanskilinni. \u00c1 j\u00f6r\u00f0inni er n\u00fa \u00fer\u00edb\u00fdli og er \u00fear stunda\u00f0ur hef\u00f0bundinn sau\u00f0fj\u00e1rb\u00faskapur \u00e1samt n\u00fdtingu hlunninda en miki\u00f0 \u00e6\u00f0arvarp er \u00ed Broddanesey og n\u00e6rliggjandi h\u00f3lmum.<\/p><\/div><\/div>\t\t\t\t<\/div>\n\t\t\t\t<\/div>\n\t\t\t\t\t<\/div>\n\t\t<\/div>\n\t\t\t\t<div class=\"elementor-column elementor-col-33 elementor-top-column elementor-element elementor-element-4314ca2\" data-id=\"4314ca2\" data-element_type=\"column\" data-e-type=\"column\">\n\t\t\t<div class=\"elementor-widget-wrap elementor-element-populated\">\n\t\t\t\t\t\t<div class=\"elementor-element elementor-element-c8c8f3b elementor-position-top de_scroll_animation_no elementor-widget elementor-widget-image-box\" data-id=\"c8c8f3b\" data-element_type=\"widget\" data-e-type=\"widget\" data-widget_type=\"image-box.default\">\n\t\t\t\t<div class=\"elementor-widget-container\">\n\t\t\t\t\t<div class=\"elementor-image-box-wrapper\"><figure class=\"elementor-image-box-img\"><img decoding=\"async\" src=\"https:\/\/broddanes.is\/wp-content\/uploads\/elementor\/thumbs\/IMG_1911-scaled-plwjtdimz1heesb4ocq5ojaycwriok88xt9fpt32bs.jpg\" title=\"IMG_1911\" alt=\"IMG_1911\" loading=\"lazy\" \/><\/figure><div class=\"elementor-image-box-content\"><h3 class=\"elementor-image-box-title\">Fuglarnir<\/h3><p class=\"elementor-image-box-description\">Kyrr\u00f0 og r\u00f3 einkenna n\u00e1grenni heimilisins og er n\u00e1tt\u00faran \u00e1 sv\u00e6\u00f0inu  mj\u00f6g s\u00e9rst\u00f6k. \u00dear er fj\u00f6lbreytt strandlengja, nes, vogar, eyjar, h\u00f3lmar og sker. D\u00fdral\u00edf er a\u00f0 sama skapi einstakt, vi\u00f0 str\u00f6ndina synda selir og fj\u00f6lbreytt fuglal\u00edf er \u00e1 sv\u00e6\u00f0inu.<\/p><\/div><\/div>\t\t\t\t<\/div>\n\t\t\t\t<\/div>\n\t\t\t\t\t<\/div>\n\t\t<\/div>\n\t\t\t\t<div class=\"elementor-column elementor-col-33 elementor-top-column elementor-element elementor-element-1a5567f\" data-id=\"1a5567f\" data-element_type=\"column\" data-e-type=\"column\">\n\t\t\t<div class=\"elementor-widget-wrap elementor-element-populated\">\n\t\t\t\t\t\t<div class=\"elementor-element elementor-element-31844b8 elementor-position-top de_scroll_animation_no elementor-widget elementor-widget-image-box\" data-id=\"31844b8\" data-element_type=\"widget\" data-e-type=\"widget\" data-widget_type=\"image-box.default\">\n\t\t\t\t<div class=\"elementor-widget-container\">\n\t\t\t\t\t<div class=\"elementor-image-box-wrapper\"><figure class=\"elementor-image-box-img\"><img decoding=\"async\" src=\"https:\/\/broddanes.is\/wp-content\/uploads\/elementor\/thumbs\/IMG_4293-plwjtdimz1heesb4ocq5ojaycwriok88xt9fpt32bs.jpg\" title=\"IMG_4293\" alt=\"IMG_4293\" loading=\"lazy\" \/><\/figure><div class=\"elementor-image-box-content\"><h3 class=\"elementor-image-box-title\">Upplysingar<\/h3><p class=\"elementor-image-box-description\">Gistiheimili\u00f0 er opi\u00f0 fr\u00e1 1. j\u00fan\u00ed - 15. september og \u00e1 \u00feessu t\u00edmabili er m\u00f3ttaka opin fr\u00e1  kl. 17:00-21:00.  Utan \u00feess t\u00edma er a\u00f0 jafna\u00f0i h\u00e6gt a\u00f0 hafa samband vi\u00f0 rekstrara\u00f0ila \u00ed fars\u00edma.<\/p><\/div><\/div>\t\t\t\t<\/div>\n\t\t\t\t<\/div>\n\t\t\t\t\t<\/div>\n\t\t<\/div>\n\t\t\t\t\t<\/div>\n\t\t<\/section>\n\t\t\t\t<\/div>\n\t\t","protected":false},"excerpt":{"rendered":"<p>Um okkur Nafnid Broddanes dregur nafn sitt af dr\u00f6ngum, Broddunum, sem standa undir Ennish\u00f6f\u00f0a milli Kollafjar\u00f0ar og Birtufjar\u00f0ar. Einnig segir sagan a\u00f0 fyrsti \u00e1b\u00faandi \u00e1 Broddanesi hafi heiti\u00f0 Broddi, \u00e1 hann a\u00f0 hafa veri\u00f0 heig\u00f0ur undir h\u00f6f\u00f0anum n\u00e1l\u00e6gt dr\u00f6ngunum og s\u00e9st dys hans \u00fear enn. N\u00e1tt\u00faran Kyrr\u00f0 og r\u00f3 einkenna n\u00e1grenni heimilisins og er n\u00e1tt\u00faran [&hellip;]<\/p>\n","protected":false},"author":1,"featured_media":0,"parent":0,"menu_order":0,"comment_status":"closed","ping_status":"closed","template":"","meta":{"footnotes":""},"class_list":["post-692","page","type-page","status-publish","hentry"],"_links":{"self":[{"href":"https:\/\/broddanes.is\/is\/wp-json\/wp\/v2\/pages\/692","targetHints":{"allow":["GET"]}}],"collection":[{"href":"https:\/\/broddanes.is\/is\/wp-json\/wp\/v2\/pages"}],"about":[{"href":"https:\/\/broddanes.is\/is\/wp-json\/wp\/v2\/types\/page"}],"author":[{"embeddable":true,"href":"https:\/\/broddanes.is\/is\/wp-json\/wp\/v2\/users\/1"}],"replies":[{"embeddable":true,"href":"https:\/\/broddanes.is\/is\/wp-json\/wp\/v2\/comments?post=692"}],"version-history":[{"count":25,"href":"https:\/\/broddanes.is\/is\/wp-json\/wp\/v2\/pages\/692\/revisions"}],"predecessor-version":[{"id":1266,"href":"https:\/\/broddanes.is\/is\/wp-json\/wp\/v2\/pages\/692\/revisions\/1266"}],"wp:attachment":[{"href":"https:\/\/broddanes.is\/is\/wp-json\/wp\/v2\/media?parent=692"}],"curies":[{"name":"wp","href":"https:\/\/api.w.org\/{rel}","templated":true}]}}